{"id":874,"date":"2017-10-10T10:38:36","date_gmt":"2017-10-10T09:38:36","guid":{"rendered":"http:\/\/www.xcompany.ch\/home\/produkte\/barcode-software\/"},"modified":"2017-10-10T11:14:59","modified_gmt":"2017-10-10T10:14:59","slug":"barcode-software","status":"publish","type":"page","link":"https:\/\/www.xcompany.ch\/home\/produkte\/barcode-software\/","title":{"rendered":"Barcode Software"},"content":{"rendered":"<p>F\u00fcr viele Anwendungen wird eine Barcode Software gebraucht. Die Evaluation einer Barcode Software wird sorgf\u00e4ltig ausgef\u00fchrt. Wir unterst\u00fctzen Sie dabei und helfen die passende Barcode Software zu finden. Die Integration in Ihrem System wird genau nach Ihren Bed\u00fcrfnissen und Zeitplan ausgef\u00fchrt.<\/p>\n<p>F\u00fcr einfache Aufgaben gen\u00fcgt meistens schon ein einfacher Online Barcode Generator, statt eine fest installierte Barcode Software.<\/p>\n<p>Hier geht&#8217;s zum <a href='https:\/\/barcode.tec-it.com\/de#' title='Barcode Software by TEC-IT'>Online Barcode Generator <\/a><br \/>\nder Firma TEC-IT, die auch Barcode Software und weitere interessante Software f\u00fcr die Auto-ID Branche anbieten.<\/p>\n<p>F\u00fcr komplexere Anwendungen und zur Einhaltung verschiedener Normen wie UID, braucht es eine Barcode Software die schnell das gew\u00fcnschte Resultat einbringt.<\/p>\n<p>Unsere St\u00e4rke ist die Barcode Integration zur Unterst\u00fctzung von Corporate Identity, automatische Datenerfassung in der Logistikkette. Aber auch die Einhaltung von komplexen Gesetzes Normen f\u00fcr die R\u00fcckverfolgbarkeit.<\/p>\n<p>Unsere Software Partner im Bereich Barcode Software.<\/p>\n<table>\n<tr>\n<td style='padding:10px; text-align:center; font-size:15px; font-family:Arial,Helvetica;'>\n\t\t\t<a href='https:\/\/www.tec-it.com' title='Barcode Software by TEC-IT'><br \/>\n\t\t\t\t<img src='https:\/\/www.tec-it.com\/pics\/banner\/web\/TEC-IT_Banner_120x42.gif' alt='Barcode Software by TEC-IT' border='0' \/><br \/>\n\t\t\t<\/a><br \/>\n\t\t\t<br \/>\n\t\t\t<a href='https:\/\/www.tec-it.com' title='Barcode Software by TEC-IT'>Barcode Software<\/a>\n\t\t<\/td>\n<td>\n\t\t\t<img src='https:\/\/barcode.tec-it.com\/barcode.ashx?data=ABC-abc-1234&#038;code=Code128&#038;dpi=96' alt='Barcode Generator TEC-IT'\/>\n\t\t<\/td>\n<\/tr>\n<\/table>\n","protected":false},"excerpt":{"rendered":"<p>F\u00fcr viele Anwendungen wird eine Barcode Software gebraucht. Die Evaluation einer Barcode Software wird sorgf\u00e4ltig ausgef\u00fchrt. Wir unterst\u00fctzen Sie dabei und helfen die passende Barcode&hellip;<\/p>\n","protected":false},"author":1,"featured_media":0,"parent":186,"menu_order":0,"comment_status":"closed","ping_status":"closed","template":"","meta":{"footnotes":""},"_links":{"self":[{"href":"https:\/\/www.xcompany.ch\/home\/wp-json\/wp\/v2\/pages\/874"}],"collection":[{"href":"https:\/\/www.xcompany.ch\/home\/wp-json\/wp\/v2\/pages"}],"about":[{"href":"https:\/\/www.xcompany.ch\/home\/wp-json\/wp\/v2\/types\/page"}],"author":[{"embeddable":true,"href":"https:\/\/www.xcompany.ch\/home\/wp-json\/wp\/v2\/users\/1"}],"replies":[{"embeddable":true,"href":"https:\/\/www.xcompany.ch\/home\/wp-json\/wp\/v2\/comments?post=874"}],"version-history":[{"count":10,"href":"https:\/\/www.xcompany.ch\/home\/wp-json\/wp\/v2\/pages\/874\/revisions"}],"predecessor-version":[{"id":884,"href":"https:\/\/www.xcompany.ch\/home\/wp-json\/wp\/v2\/pages\/874\/revisions\/884"}],"up":[{"embeddable":true,"href":"https:\/\/www.xcompany.ch\/home\/wp-json\/wp\/v2\/pages\/186"}],"wp:attachment":[{"href":"https:\/\/www.xcompany.ch\/home\/wp-json\/wp\/v2\/media?parent=874"}],"curies":[{"name":"wp","href":"https:\/\/api.w.org\/{rel}","templated":true}]}}