{"id":402,"date":"2014-10-06T12:55:21","date_gmt":"2014-10-06T11:55:21","guid":{"rendered":"http:\/\/www.xcompany.ch\/home\/?page_id=402"},"modified":"2017-09-05T19:58:19","modified_gmt":"2017-09-05T18:58:19","slug":"epson-gp-c831","status":"publish","type":"page","link":"https:\/\/www.xcompany.ch\/home\/produkte\/druckersysteme\/epson-gp-c831\/","title":{"rendered":"Epson GP-C831"},"content":{"rendered":"<p><strong>[print_link]<\/strong><\/p>\n<p><a href=\"https:\/\/www.xcompany.ch\/home\/wp-content\/uploads\/2014\/10\/colour-label-printer-c831.jpg\"><img loading=\"lazy\" decoding=\"async\" class=\"alignnone wp-image-404 size-full\" src=\"https:\/\/www.xcompany.ch\/home\/wp-content\/uploads\/2014\/10\/colour-label-printer-c831.jpg\" alt=\"\" width=\"287\" height=\"240\" srcset=\"https:\/\/www.xcompany.ch\/home\/wp-content\/uploads\/2014\/10\/colour-label-printer-c831.jpg 287w, https:\/\/www.xcompany.ch\/home\/wp-content\/uploads\/2014\/10\/colour-label-printer-c831-120x100.jpg 120w\" sizes=\"(max-width: 287px) 100vw, 287px\" \/><\/a><\/p>\n<h2>Epson GP-C831<\/h2>\n<p>Bei dem Epson GP-C831 handelt es sich um einen industriellen Micro Piezo-Tintenstrahl-Etikettendrucker, der sich ideal f\u00fcr den Druck von Etiketten f\u00fcr gro\u00dfe F\u00e4sser sowie chemische Etikettierungen eignet. Er entspricht den GHS-Standards.<\/p>\n<p class=\"description\">Im Gegensatz zu Nadeldruckern kann der GP-C831 fortgeschrittene Barcodes sowie gestochen scharfe Texte und Fotos drucken und mit zahlreichen Medien eingesetzt werden, darunter Hochglanzpapier und Etiketten. Dank der Epson DURABrite Ultra-Pigmenttinte erzielt der Drucker auf jedem Medium lang haltbare Ausdrucke, die wisch- und wasserfest sowie lichtbest\u00e4ndig sind und sofort mit einem Textmarker bearbeitet werden k\u00f6nnen.<\/p>\n<p>Der GP-C831 ist mit seinem robusten Design darauf ausgerichtet, bis zu f\u00fcnf Jahre lang hohe Druckmengen ohne Qualit\u00e4tsverlust zu liefern. Patentierte Epson Technologie sch\u00fctzt die Druckkopfd\u00fcsen vor Staub, sodass der GP-C831 auch problemlos in anspruchsvollen Umgebungen eingesetzt werden kann.<\/p>\n<p>Im Super Draft-Modus druckt der effiziente GP-C831 bis zu 19,7 Seiten pro Minute. Er behebt Papierstaus innerhalb von Sekunden, indem er das Papier automatisch freigibt, sobald ein Fehler auftritt. Au\u00dferdem k\u00f6nnen Sie das Papier auf Tastendruck freigeben.<\/p>\n<p>Der GP-C831 garantiert eine einfache Integration, denn er ist standardm\u00e4\u00dfig mit Parallel-, USB- und LAN 100\/10BASE-Schnittstellen ausgestattet.<\/p>\n<div id=\"description\" class=\"ui-tabs-panel ui-widget-content ui-corner-bottom\">\n<div class=\"t9-content-block c3500-block\">\n<div class=\"t9-content c3500-content\">\n<h3 class=\"auto-style1\">DRUCKEN SIE IHRE EIGENEN ETIKETTEN<\/h3>\n<p class=\"auto-style1\">Mit dem Epson GP-C831 k\u00f6nnen Sie eigene Farbetiketten auf einfache Weise anpassen und drucken. Ob es sich um Verpackungsetiketten mit farbigen Logos und Bildern oder um Besucherausweise\/Namensschilder und Tickets mit wichtigen Barcodes und Produktinformationen handelt \u2013 bei diesem Drucker k\u00f6nnen Sie alles mit einem Ger\u00e4t drucken.<\/p>\n<p class=\"auto-style1\">\n<h4>Wichtigste Merkmale<\/h4>\n<ul>\n<li>Ideal f\u00fcr grosse Etiketten, einschliesslich grosser F\u00e4sser und Etikettierung von Chemikalien<\/li>\n<li>Industrieller Tintenstrahldrucker mit Traktoreinzug<\/li>\n<li>Hohe Druckgeschwindigkeit von bis zu 91,7 mm\/Sekunde<\/li>\n<li>Hohe Druckaufl\u00f6sung von bis zu 5.760 \u00d7 1.440 dpi<\/li>\n<li>Entspricht den BS5609-Anforderungen<sup><span style=\"font-size: small;\">*1<\/span><\/sup><\/li>\n<li>Grossvolumige separate Einzelpatronen<\/li>\n<\/ul>\n<p><sup><span style=\"font-size: small;\">*1<\/span><\/sup> Bei Drucken auf Epson PE Matte Label-Medien.<\/p>\n<\/div>\n<div class=\"t9-img c3500-img\"><\/div>\n<div class=\"t9-img c3500-img\"><a href=\"https:\/\/www.xcompany.ch\/home\/wp-content\/uploads\/2014\/09\/Epson_Factory.jpg\">\u00a0<\/a><\/div>\n<\/div>\n<p><!-- High quality and durable --><\/p>\n<div class=\"t9-content-block c3500-block c3500-block_flip\">\n<div class=\"t9-content c3500-content\">\n<h3 class=\"auto-style1\">HALTBARE ETIKETTEN<\/h3>\n<p class=\"auto-style1\">Die DURABrite Ultra-Pigmenttinten-Patronen sorgen f\u00fcr schnell trocknende, detailgenaue Etiketten, die wisch- und wasserfest sowie lichtbest\u00e4ndig sind. Ihre Etiketten sehen nicht nur gut aus, dank der langlebigen Pigmenttinte eignen sie sich auch f\u00fcr eine Vielzahl an Umgebungen. Dieser Farbetikettendrucker ist ein echter Allrounder. Er entspricht auch den internationalen GHS-Richtlinien zur Kennzeichnung von Chemikalien \u2013 die Kombination aus Pigmenttinte und PE Matte Label-Medien eignet sich ideal f\u00fcr den Einsatz unter widrigen Bedingungen und sorgt f\u00fcr exakte, wischfeste Drucke, die unempfindlich gegen Wasser und die meisten Chemikalien sind.<\/p>\n<\/div>\n<div class=\"t9-img c3500-img\"><br class=\"auto-style1\" \/><br class=\"auto-style1\" \/><br class=\"auto-style1\" \/><\/p>\n<div class=\"t9-content-block c3500-block\">\n<div class=\"t9-content c3500-content\">\n<h3 class=\"icon-easy\"><span class=\"auto-style1\">BENUTZERFREUNDLICHER 4-FARBETIKETTEN-<\/span><br class=\"auto-style1\" \/><span class=\"auto-style1\">DRUCKER<\/span><\/h3>\n<p class=\"auto-style1\">Sie k\u00f6nnen auf einer Vielzahl an Materialien drucken, darunter mattes oder gl\u00e4nzendes Papier und Folienetiketten. Sie k\u00f6nnen also genau die Art von Etiketten erstellen, die Sie ben\u00f6tigen. Das LC-Display zeigt Informationen zum Tintenf\u00fcllstand und zum Druckerstatus an und die Bedienung erfolgt an der Vorderseite. Dank der einfachen Einrichtungssoftware k\u00f6nnen Sie den Drucker auch ohne Schulung bedienen.<\/p>\n<\/div>\n<div class=\"t9-img c3500-img\"><\/div>\n<div class=\"t9-img c3500-img\"><a href=\"https:\/\/www.xcompany.ch\/home\/wp-content\/uploads\/2014\/09\/Epson_Pharmacy.jpg\">\u00a0<\/a><\/div>\n<\/div>\n<p><!-- Saving you money --><\/p>\n<div class=\"t9-content-block c3500-block c3500-block_flip\">\n<div class=\"t9-content c3500-content\">\n<h3 class=\"auto-style1\">SPAREN SIE GELD<\/h3>\n<p class=\"auto-style1\">Dank der modernen Tintenstrahltechnologie von Epson und der niedrigen Kosten pro Etikett lassen sich mit diesem Drucker hervorragend Druckkosten sparen. Die separaten Einzelpatronen sorgen daf\u00fcr, dass die Tinte effizient benutzt wird, denn Sie ersetzen nur die verbrauchte Farbe.<\/p>\n<\/div>\n<div class=\"t9-img c3500-img\"><\/div>\n<div class=\"t9-img c3500-img\">\n<h2><a name=\"prodspecs\"><\/a>Techn. Daten<\/h2>\n<p>Die beschriebenen Produktmerkmale und Spezifikationen k\u00f6nnen jederzeit ohne vorherige Ank\u00fcndigung ge\u00e4ndert werden.<\/p>\n<p><a class=\"btn btn-second expand-button\" data-expand=\"Alle erweitern\" data-close=\"Alle schlie\u00dfen\">Alle schlie\u00dfen<\/a><\/p>\n<section class=\"product_section is-notoppadding spec_table is-open\">\n<div class=\"product_section_text\">\n<table class=\"body\">\n<tbody>\n<tr>\n<td>Artikelnummer<\/td>\n<td>C11CC68132<\/td>\n<\/tr>\n<\/tbody>\n<\/table>\n<\/div>\n<\/section>\n<section class=\"product_section product_section-collapsible spec_table is-open\">\n<h2 data-collapse=\"0\">Technik<\/h2>\n<div class=\"product_section_text\">\n<table class=\"body\">\n<tbody>\n<tr>\n<td class=\"key\">Druckmethode<\/td>\n<td class=\"center\">Serieller Tintenstrahldrucker<\/td>\n<\/tr>\n<tr>\n<td class=\"key\">D\u00fcsenkonfiguration<\/td>\n<td class=\"center\">360\u00a0D\u00fcsen pro Farbe<\/td>\n<\/tr>\n<tr>\n<td class=\"key\">Farben<\/td>\n<td class=\"center\">Schwarz, Cyan, Yellow, Magenta<\/td>\n<\/tr>\n<tr>\n<td class=\"key\">Tintentechnologie<\/td>\n<td class=\"center\">DURABrite\u2122 Ultra<\/td>\n<\/tr>\n<tr>\n<td class=\"key\">Kategorie<\/td>\n<td class=\"center\">Industrie-Etikettenfarbdrucker<\/td>\n<\/tr>\n<\/tbody>\n<\/table>\n<\/div>\n<\/section>\n<section class=\"product_section product_section-collapsible spec_table is-open\">\n<h2 data-collapse=\"1\">Druck<\/h2>\n<div class=\"product_section_text\">\n<table class=\"body\">\n<tbody>\n<tr>\n<td class=\"key\">Druckgeschwindigkeit<\/td>\n<td class=\"center\">Max. 92\u00a0mm\/sec<\/td>\n<\/tr>\n<tr>\n<td class=\"key\">Druckaufl\u00f6sung<\/td>\n<td class=\"center\">Max. 5.760 x 1.440\u00a0dpi<\/td>\n<\/tr>\n<tr>\n<td class=\"key\">Druckbreite<\/td>\n<td class=\"center\">max.\u00a0203\u00a0mm<\/td>\n<\/tr>\n<\/tbody>\n<\/table>\n<\/div>\n<\/section>\n<section class=\"product_section product_section-collapsible spec_table is-open\">\n<h2 data-collapse=\"2\">Unterst\u00fctzte Medien<\/h2>\n<div class=\"product_section_text\">\n<table class=\"body\">\n<tbody>\n<tr>\n<td class=\"key\">Formate<\/td>\n<td class=\"center\">Endlospapier mit Zahnr\u00e4dern<\/td>\n<\/tr>\n<tr>\n<td class=\"key\">Breite<\/td>\n<td class=\"center\">Min.\u00a076\u00a0mm, Max\u00a0241\u00a0mm<\/td>\n<\/tr>\n<tr>\n<td class=\"key\">Typ<\/td>\n<td class=\"center\">Endlospapier, Gestanztes Etikett<\/td>\n<\/tr>\n<\/tbody>\n<\/table>\n<\/div>\n<\/section>\n<section class=\"product_section product_section-collapsible spec_table is-open\">\n<h2 data-collapse=\"3\">Allgemeines<\/h2>\n<div class=\"product_section_text\">\n<table class=\"body\">\n<tbody>\n<tr>\n<td class=\"key\">Anschl\u00fcsse<\/td>\n<td class=\"center\">Bidirektional parallel, Ethernet-Schnittstelle (100 Base-TX\/10 Base-T), USB 2.0 Typ B<\/td>\n<\/tr>\n<tr>\n<td class=\"key\">Spannungsversorgung<\/td>\n<td class=\"center\">Extern<\/td>\n<\/tr>\n<tr>\n<td class=\"key\">Betriebsspannung<\/td>\n<td class=\"center\">100 ~ 240\u00a0V, 50 ~ 60\u00a0Hz<\/td>\n<\/tr>\n<tr>\n<td class=\"key\">Leistungsaufnahme<\/td>\n<td class=\"center\">im Standby: Appx.\u00a08\u00a0W, Printing: Appx.\u00a033\u00a0W<\/td>\n<\/tr>\n<tr>\n<td class=\"key\">Temperatur\/Luftfeuchtigkeit<\/td>\n<td class=\"center\">Storage: -20~40\u00a0\u00b0C\u00a0(\u00a05~85\u00a0% RH), Printing: 10~35\u00a0\u00b0C\u00a0(\u00a020~80\u00a0% RH)<\/td>\n<\/tr>\n<tr>\n<td class=\"key\">Abmessungen<\/td>\n<td class=\"center\">464\u200e\u00a0x\u00a0465\u00a0x\u00a0224\u00a0mm\u00a0(Breite x Tiefe x H\u00f6he)<\/td>\n<\/tr>\n<tr>\n<td class=\"key\">Gewicht<\/td>\n<td class=\"center\">12,68\u00a0kg<\/td>\n<\/tr>\n<\/tbody>\n<\/table>\n<\/div>\n<\/section>\n<section class=\"product_section product_section-collapsible spec_table is-open\">\n<h2 data-collapse=\"4\">Sonstiges<\/h2>\n<div class=\"product_section_text\">\n<table class=\"body\">\n<tbody>\n<tr>\n<td class=\"key\">Garantie<\/td>\n<td class=\"center\">12\u00a0Monate\u00a0Carry in<\/td>\n<\/tr>\n<\/tbody>\n<\/table>\n<\/div>\n<\/section>\n<section class=\"product_section product_section-collapsible spec_table is-open\">\n<h2 data-collapse=\"5\">Lieferumfang<\/h2>\n<div class=\"product_section_text\">\n<table class=\"body\">\n<tbody>\n<tr>\n<td class=\"key\">Lieferumfang<\/td>\n<td class=\"center\">Netzteil, Treiber und Hilfsprogramme (CD), Separate Einzelpatronen, Hauptger\u00e4t, Aufstellanleitung, Bedienungsanleitung<\/td>\n<\/tr>\n<\/tbody>\n<\/table>\n<\/div>\n<\/section>\n<\/div>\n<\/div>\n<\/div>\n<\/div>\n<\/div>\n<h1><\/h1>\n","protected":false},"excerpt":{"rendered":"<p>[print_link] Epson GP-C831 Bei dem Epson GP-C831 handelt es sich um einen industriellen Micro Piezo-Tintenstrahl-Etikettendrucker, der sich ideal f\u00fcr den Druck von Etiketten f\u00fcr gro\u00dfe&hellip;<\/p>\n","protected":false},"author":1,"featured_media":0,"parent":802,"menu_order":0,"comment_status":"closed","ping_status":"closed","template":"","meta":{"footnotes":""},"_links":{"self":[{"href":"https:\/\/www.xcompany.ch\/home\/wp-json\/wp\/v2\/pages\/402"}],"collection":[{"href":"https:\/\/www.xcompany.ch\/home\/wp-json\/wp\/v2\/pages"}],"about":[{"href":"https:\/\/www.xcompany.ch\/home\/wp-json\/wp\/v2\/types\/page"}],"author":[{"embeddable":true,"href":"https:\/\/www.xcompany.ch\/home\/wp-json\/wp\/v2\/users\/1"}],"replies":[{"embeddable":true,"href":"https:\/\/www.xcompany.ch\/home\/wp-json\/wp\/v2\/comments?post=402"}],"version-history":[{"count":2,"href":"https:\/\/www.xcompany.ch\/home\/wp-json\/wp\/v2\/pages\/402\/revisions"}],"predecessor-version":[{"id":405,"href":"https:\/\/www.xcompany.ch\/home\/wp-json\/wp\/v2\/pages\/402\/revisions\/405"}],"up":[{"embeddable":true,"href":"https:\/\/www.xcompany.ch\/home\/wp-json\/wp\/v2\/pages\/802"}],"wp:attachment":[{"href":"https:\/\/www.xcompany.ch\/home\/wp-json\/wp\/v2\/media?parent=402"}],"curies":[{"name":"wp","href":"https:\/\/api.w.org\/{rel}","templated":true}]}}