{"id":40,"date":"2014-04-04T11:01:14","date_gmt":"2014-04-04T11:01:14","guid":{"rendered":"http:\/\/xcompany.ch\/home\/?page_id=40"},"modified":"2017-09-05T21:23:14","modified_gmt":"2017-09-05T20:23:14","slug":"myeasyerp","status":"publish","type":"page","link":"https:\/\/www.xcompany.ch\/home\/produkte\/software-module\/myeasyerp\/","title":{"rendered":"MyEasyERP"},"content":{"rendered":"<h2>Vom Auftrag bis zur Faktura mit hohem Funktionsumfang<\/h2>\n<p>Nutzen Sie ein all-in-one ERP-System f\u00fcr kleine und mittlere\u00a0 Unternehmen aus Handel, Fertigung und Dienstleistung. Sie werden\u00a0 erstaunt sein, welchen beachtlichen Softwareumfang Sie bereits f\u00fcr 750 CHF erwerben k\u00f6nnen. Kaufen sie modernste, zukunftssichere Technologie in Verbindung mit optimaler Ergonomie, hoher Funktionalit\u00e4t und einfacher, intuitiver Bedienung zu einem extrem g\u00fcnstigen Preis.<\/p>\n<p>Sollten Sie Teilfunktionen davon nicht ben\u00f6tigen, lassen sich diese \u00fcber die Anwender- und Gruppenverwaltung und weitere Konfigurationsm\u00f6glichkeiten ausblenden. Sie erhalten eine weitestgehend auf Ihre Anforderungen zugeschnittene L\u00f6sung.<\/p>\n<div id=\"link1376_object1375\">\n<h2>Basis-Funktionen und Stammdaten<\/h2>\n<ul>\n<li>Mehr-Mandantenf\u00e4hig, inklusive optionalen Testmandanten<\/li>\n<li>Intuitiv einfache Bedienung sowie \u00fcbersichtliche und einheitliche Benutzer-Oberfl\u00e4che<\/li>\n<li>Datenbank-basierend (Microsoft SQL Server, auch kostenlose Express-Version)<\/li>\n<li>Mehrsprachigkeit f\u00fcr Oberfl\u00e4che, Formulare und Artikel<\/li>\n<li>Verwaltung aller Kunden, Lieferanten und sonstigen Adressen mit beliebig vielen Ansprechpartnern<\/li>\n<li>umfangreiche Artikel-Verwaltung inklusive lieferanten- und kundenspezifischer Artikeldaten<\/li>\n<li>Varianten-Artikel und Merkmalsleisten<\/li>\n<li>beliebig viele eigene Felder (Individual-Variablen) an fast allen Men\u00fc-Funktionen<\/li>\n<li>Komfortabler Excel-Export f\u00fcr fast alle Men\u00fc-Funktionen<\/li>\n<li>Artikel- und Adressen-Import \u00fcber Excel<\/li>\n<li>umfangreiche und einfach anwendbare Such-Funktionen in allen Men\u00fc-Funktionen mit mehr als einem Datensatz<\/li>\n<li>serverbasierende Scheduler-Dienste f\u00fcr automatisierte Aufgaben<\/li>\n<\/ul>\n<h2>Auftrag und Faktura<\/h2>\n<ul>\n<li>Branchen-\u00fcbergreifende, auf nahezu alle Gesch\u00e4ftsprozesse flexibel anpassbare Auftragsbearbeitungs- und Faktura-Software<\/li>\n<li>18 Beleg-Typen im Ein- und Verkauf: Anfrage, Angebot, Auftrag, Lieferschein, Rechnung, Gutschrift, R\u00fccklieferung, Bestellung, Anlieferung, Verbindlichkeit usw.<\/li>\n<li>Rahmenauftr\u00e4ge sowie Ein-und Ausgangs A&#8217;Konto-Rechnungen in der Faktura<\/li>\n<li>automatische Archivierung gedruckter und verschickter Belege<\/li>\n<li>Alle Belege k\u00f6nnen auch direkt per E-Mail oder FAX verschickt werden<\/li>\n<li>Korrespondenz mit Word direkt aus einem Beleg<\/li>\n<li>umfangreiche und intelligente Verkn\u00fcpfungs-Logiken zwischen den Belegen<\/li>\n<li>beliebige Teil-, Sammel- und Sammel-\/Teil-Belege, deren Abh\u00e4ngigkeiten \u00fcber die Verkn\u00fcpfungs-Logiken erkennbar und verfolgbar sind<\/li>\n<li>jeder Beleg kann beliebig viele, r\u00fcckverfolgbare Versionen haben<\/li>\n<li>intelligente Preisfindung in der Verwaltung der Beleg-Positionen<\/li>\n<li>Zuordnung zu beleg\u00fcbergreifenden Kommissionen und Unterkommissionen m\u00f6glich<\/li>\n<\/ul>\n<h2>Bestellwesen<\/h2>\n<ul>\n<li>von der Anfrage bis zur Verbindlichkeit, voll integrierte Erweiterung der Standard-Auftragsbearbeitung<\/li>\n<li>R\u00fccklieferungen und Reklamationen<\/li>\n<li>auftragsbezogenes Bestellwesen\u00a0 inklusive Streckengesch\u00e4ft<\/li>\n<\/ul>\n<h2>Seriennummern<\/h2>\n<ul>\n<li>Seriennummern-Verwaltung an beliebigen Belegen<\/li>\n<li>Mehrfacheingabe m\u00f6glich<\/li>\n<li>umfangreiche Suchm\u00f6glichkeiten f\u00fcr Seriennummern<\/li>\n<\/ul>\n<h2>Zahlungsverkehr<\/h2>\n<ul>\n<li>beliebig viele Zahlungen und Teil-Zahlungen<\/li>\n<li>Online-Banking (DTAUS) f\u00fcr Zahlungen und Lastschriften<\/li>\n<li>bis zu 13 Verwendungszweck-Felder<\/li>\n<li>umfassende Skonto-Behandlung<\/li>\n<li>beliebige Abschlagszahlungen (A&#8217;Konto)<\/li>\n<li>sehr flexible Zahlungsbedingungen<\/li>\n<li>Kassenb\u00fccher f\u00fcr Barzahlungen und Bareinnahmen<\/li>\n<\/ul>\n<h2>DATEV-Schnittstelle und Faktura<\/h2>\n<ul>\n<li>Protokollierung der DATEV-\u00dcbergabe<\/li>\n<li>Automatisierte Konten-Findung<\/li>\n<li>Ein- und Ausgangsrechnungen und -gutschriften<\/li>\n<li>Ein- und Ausgangszahlungen<\/li>\n<li>Ein- und Ausgangs-A&#8217;Konto-Rechnungen und -Zahlungen<\/li>\n<li>A&#8217;Konto-Umbuchungen, Bankbuchungen<\/li>\n<li>Ein- und Ausgangs-Kassenbuchungen<\/li>\n<li>Ein- und Ausgangs-Teil- und Sammel-Rechnungen<\/li>\n<li>mehrere Mehrwertsteuers\u00e4tze pro Ein- oder Ausgangsrechnung<\/li>\n<li>automatische Skontoverbuchung auch bei mehreren Skonto-Konten pro Ein- oder Ausgangs-Rechnung\/-Zahlung<\/li>\n<li>automatische Auswahl der richtigen Konten \u00fcber intelligente Kontenfindung<\/li>\n<\/ul>\n<h2>Dokumentenmanagement<\/h2>\n<ul>\n<li>Archivierung beliebiger Dokumente und Dateitypen<\/li>\n<li>Verkn\u00fcpfung mit beliebigen Datens\u00e4tzen beliebiger Men\u00fc-Funktionen<\/li>\n<li>keine Beschr\u00e4nkung in Anzahl oder Dateigr\u00f6\u00dfe<\/li>\n<li>Ansicht aller Dateien im zentralen Dokumentenmanagement (DMS)<\/li>\n<li>Archivieren aus der Druckfunktion im PDF-Format<\/li>\n<li>Korrespondenz mit Word und beliebigen, kundenspezifischen Templates und Vorlagen<\/li>\n<li>Direkt-Archivierung vom Scanner \u00fcber TWAIN-Treiber<\/li>\n<li>Verschlagwortung \u00fcber Stichworte und Kategorien<\/li>\n<li>Verschl\u00fcsselung von Dokumenten m\u00f6glich<\/li>\n<li>Mehrfach-Verkn\u00fcpfungen zum selben Dokument, welches physikalisch nur einmal vorhanden ist<\/li>\n<li>Erweiterbar um beliebige Individualfelder und eigene Suchkriterien<\/li>\n<li>Integrierte Dokumenten-Vorschau \u00fcber optionalen integrierten Dokumenten-Viewer\u00a0 (150 &#8211; 500 Dateiformate)<\/li>\n<\/ul>\n<h2>Customer Relationship Management (CRM)<\/h2>\n<ul>\n<li>beliebig viele CRM-Eintr\u00e4ge zu jeder Adresse und zu jedem Auftrags- und Faktura-Beleg<\/li>\n<li>Universelles Wiedervorlagesystem f\u00fcr beliebige Objekte<\/li>\n<li>Verwaltung beliebiger Dokumente zu jedem CRM-Eintrag<\/li>\n<li>Kommunikation \u00fcber E-Mail, Fax, TAPI (Direktwahl)<\/li>\n<li>Erkennung eingehender Anrufe mit automatischer Erfassung<\/li>\n<li>Anpassbarkeit \u00fcber Kategorien, Aktionen, Priorit\u00e4ten<\/li>\n<li>Erweiterbarkeit \u00fcber beliebige Individualvariablen \/ Individualfelder<\/li>\n<li>datum- und uhrzeitspezifische Wiedervorlage<\/li>\n<li>umfangreiche Such- und Selektionsm\u00f6glichkeiten<\/li>\n<li>Auswertungen \u00fcber Listen (auf SQL-Views basierend)<\/li>\n<\/ul>\n<h2>Listen und Formulare von Auftrag bis Faktura<\/h2>\n<ul>\n<li>Druckm\u00f6glichkeiten an (fast) jeder Men\u00fc-Funktion<\/li>\n<li>viele vorhandene Formulare und Listen<\/li>\n<li>Erstellung beliebiger eigener Formulare und Erweiterung vorhandener Formulare<\/li>\n<li>Erstellung eigener, kundenspezifischer Auswertungen und Listen<\/li>\n<li>Integration von Diagramme, Charts, Kreuztabellen und vieles mehr<\/li>\n<li>Etiketten-Druck und Integration von allen g\u00e4ngigen Barcode-Formaten (auch 2D-Barcodes)<\/li>\n<\/ul>\n<h2>Report-Designer<\/h2>\n<ul>\n<li>integrierter flexibler Report-, Formular- und Listen-Designer mit grafischer WYSIWYG-Oberfl\u00e4che<\/li>\n<li>vielfach ausgezeichnet und seit 16 Jahren auf dem Markt<\/li>\n<li>einfaches Erstellen eigener Reports f\u00fcr Listen und Formulare<\/li>\n<\/ul>\n<h2>Verwaltung und Konfiguration<\/h2>\n<ul>\n<li>Zahlungsbedingungen, Banken-Verwaltung, W\u00e4hrungen und W\u00e4hrungs-Kurse, Mwst.-S\u00e4tze, Fibu-Konten, Fibu-Kontengruppen und automatische Fibu-Kontenfindung zur Faktura-Vereinfachung<\/li>\n<li>Liefer- und Versandbedingungen, Verpackungen, Liefer-Typen und -Stati<\/li>\n<li>Produkt-, Waren- und Artikel-Gruppen, Mengeneinheiten, Preisfaktoren, Formen, Werkstoffe, Spezifikationen, Normen, G\u00fcte, Merkmale und Merkmals-Leisten, abweichende Artikel-Mwst.-S\u00e4tze<\/li>\n<li>Branchen, Anreden und Anrede-Titel, Familienstand, L\u00e4nder-Typ, L\u00e4nder-Kennzeichen, Sprachen<\/li>\n<li>Mandanten-Verwaltung und -Konfiguration, eigene Firmendaten und -Bankverbindungen, eigene Felder, Nummern-Kreise, Kategorien, Staatengemeinschaften, externe Datenbanken, Protokollierung aller \u00c4nderungen<\/li>\n<li>Anwender- und Gruppen-Verwaltung, Berechtigungen<\/li>\n<li>Mandanten-Backup-Funktionen und Mandanten-Kopien (z.B. automatische Kopie eines Produktions-Mandanten in einen Test-Mandanten)<\/li>\n<li>Protokolle f\u00fcr Login, Update, Fehler und optional Protokollierung beliebiger Datensatz-\u00c4nderungen<\/li>\n<li>Listen-Generator, Bausteine f\u00fcr Reports, Designer-Tabellen f\u00fcr Reports<\/li>\n<li>Mehrsprachen-Druck mit \u00dcbersetzungen f\u00fcr beliebig viele Sprachen<\/li>\n<\/ul>\n<h2>Technologie<\/h2>\n<ul>\n<li>Neueste, 100%-tige .Net-Technologie<\/li>\n<li>Streng objektorientierte Programmierung<\/li>\n<li>Einfaches, hoch automatisiertes Software-Update und damit sehr geringe Folgekosten<\/li>\n<li>Vollst\u00e4ndig transaktionsbasierende Multi-User-Technologie<\/li>\n<li>Client-Server-System auf performanter, relationaler SQL-Datenbank<\/li>\n<li>Verwendung des kostenlosen Microsoft SQL-Server 2008 R2 Express m\u00f6glich<\/li>\n<li>Paralleles Arbeiten: Alle Men\u00fc-Funktionen beliebig gleichzeitig\u00a0 aufrufbar<\/li>\n<\/ul>\n<h2>Erweiterungsm\u00f6glichkeiten<\/h2>\n<p>Ohne Neuinstallation kann die integrierte Auftrags- und Faktura-Software\u00a0durch Einspielen eines neuen Lizenzschl\u00fcssels\u00a0 auf beliebig viele\u00a0 gleichzeitige Arbeitspl\u00e4tze und um andere Module in\u00a0 den Bereichen\u00a0 Warenwirtschaft und Fertigung \/ PPS-System erweitert werden<\/p>\n<\/div>\n","protected":false},"excerpt":{"rendered":"<p>Vom Auftrag bis zur Faktura mit hohem Funktionsumfang Nutzen Sie ein all-in-one ERP-System f\u00fcr kleine und mittlere\u00a0 Unternehmen aus Handel, Fertigung und Dienstleistung. Sie werden\u00a0&hellip;<\/p>\n","protected":false},"author":1,"featured_media":0,"parent":814,"menu_order":0,"comment_status":"closed","ping_status":"closed","template":"","meta":{"footnotes":""},"_links":{"self":[{"href":"https:\/\/www.xcompany.ch\/home\/wp-json\/wp\/v2\/pages\/40"}],"collection":[{"href":"https:\/\/www.xcompany.ch\/home\/wp-json\/wp\/v2\/pages"}],"about":[{"href":"https:\/\/www.xcompany.ch\/home\/wp-json\/wp\/v2\/types\/page"}],"author":[{"embeddable":true,"href":"https:\/\/www.xcompany.ch\/home\/wp-json\/wp\/v2\/users\/1"}],"replies":[{"embeddable":true,"href":"https:\/\/www.xcompany.ch\/home\/wp-json\/wp\/v2\/comments?post=40"}],"version-history":[{"count":1,"href":"https:\/\/www.xcompany.ch\/home\/wp-json\/wp\/v2\/pages\/40\/revisions"}],"predecessor-version":[{"id":41,"href":"https:\/\/www.xcompany.ch\/home\/wp-json\/wp\/v2\/pages\/40\/revisions\/41"}],"up":[{"embeddable":true,"href":"https:\/\/www.xcompany.ch\/home\/wp-json\/wp\/v2\/pages\/814"}],"wp:attachment":[{"href":"https:\/\/www.xcompany.ch\/home\/wp-json\/wp\/v2\/media?parent=40"}],"curies":[{"name":"wp","href":"https:\/\/api.w.org\/{rel}","templated":true}]}}