{"id":365,"date":"2014-09-23T21:08:26","date_gmt":"2014-09-23T21:08:26","guid":{"rendered":"http:\/\/www.xcompany.ch\/home\/?page_id=365"},"modified":"2017-09-05T21:54:00","modified_gmt":"2017-09-05T20:54:00","slug":"bestaendigkeitsmatrix","status":"publish","type":"page","link":"https:\/\/www.xcompany.ch\/home\/wissen\/bestaendigkeitsmatrix\/","title":{"rendered":"Best\u00e4ndigkeitsmatrix"},"content":{"rendered":"<header class=\"csc-header csc-header-n1\">\n<h1 class=\"csc-firstHeader\">gegen Witterung, Temperatur, UV, chemische Stoffe, Seewasser<\/h1>\n<\/header>\n<div class=\"csc-textpic-text\">\n<p class=\"bodytext\">Die Anforderungen an den Einsatz von Kennzeichnungen sowie deren Herstellung sind die Bestimmungsgr\u00f6\u00dfen f\u00fcr das einzusetzende Material. Anhand unserer Best\u00e4ndigkeitsmatrix k\u00f6nnen Sie eine erste Auswahl treffen. F\u00fcr unsere Materialien garantieren wir die dargestellten Eigenschaften. Diese Eigenschaften sind als Richtwerte zu verstehen. Durch besondere \u00f6rtliche Gegebenheiten k\u00f6nnen diese Eigenschaften beeinflusst werden. Es obliegt deshalb jedem Anwender, die Tauglichkeit der Materialien f\u00fcr seine konkreten Einsatzzwecke zu pr\u00fcfen.<\/p>\n<p class=\"bodytext\">Diese Matrix richtet sich an zwei Kriterien aus: Zum einen werden allgemeine \u00e4u\u00dfere Einfl\u00fcsse, denen Kennzeichnungen ausgesetzt sind, bewertet (Witterung, Temperatur, UV, chemische Stoffe, Seewasser). Die Weiterverarbeitung des Plattenmaterials (Schneiden, S\u00e4gen, Stanzen, Bohren) ist bei der Auswahl ebenfalls von Bedeutung.<\/p>\n<p class=\"bodytext\"><a href=\"https:\/\/www.xcompany.ch\/home\/wp-content\/uploads\/2014\/09\/bestaendigkeitsmatrix.jpg\"><img loading=\"lazy\" decoding=\"async\" class=\"aligncenter wp-image-366 size-full\" src=\"https:\/\/www.xcompany.ch\/home\/wp-content\/uploads\/2014\/09\/bestaendigkeitsmatrix.jpg\" alt=\"bestaendigkeitsmatrix\" width=\"674\" height=\"344\" srcset=\"https:\/\/www.xcompany.ch\/home\/wp-content\/uploads\/2014\/09\/bestaendigkeitsmatrix.jpg 674w, https:\/\/www.xcompany.ch\/home\/wp-content\/uploads\/2014\/09\/bestaendigkeitsmatrix-300x153.jpg 300w, https:\/\/www.xcompany.ch\/home\/wp-content\/uploads\/2014\/09\/bestaendigkeitsmatrix-196x100.jpg 196w, https:\/\/www.xcompany.ch\/home\/wp-content\/uploads\/2014\/09\/bestaendigkeitsmatrix-600x306.jpg 600w\" sizes=\"(max-width: 674px) 100vw, 674px\" \/><\/a><\/p>\n<\/div>\n","protected":false},"excerpt":{"rendered":"<p>gegen Witterung, Temperatur, UV, chemische Stoffe, Seewasser Die Anforderungen an den Einsatz von Kennzeichnungen sowie deren Herstellung sind die Bestimmungsgr\u00f6\u00dfen f\u00fcr das einzusetzende Material. Anhand&hellip;<\/p>\n","protected":false},"author":1,"featured_media":0,"parent":249,"menu_order":2,"comment_status":"closed","ping_status":"closed","template":"","meta":{"footnotes":""},"_links":{"self":[{"href":"https:\/\/www.xcompany.ch\/home\/wp-json\/wp\/v2\/pages\/365"}],"collection":[{"href":"https:\/\/www.xcompany.ch\/home\/wp-json\/wp\/v2\/pages"}],"about":[{"href":"https:\/\/www.xcompany.ch\/home\/wp-json\/wp\/v2\/types\/page"}],"author":[{"embeddable":true,"href":"https:\/\/www.xcompany.ch\/home\/wp-json\/wp\/v2\/users\/1"}],"replies":[{"embeddable":true,"href":"https:\/\/www.xcompany.ch\/home\/wp-json\/wp\/v2\/comments?post=365"}],"version-history":[{"count":6,"href":"https:\/\/www.xcompany.ch\/home\/wp-json\/wp\/v2\/pages\/365\/revisions"}],"predecessor-version":[{"id":436,"href":"https:\/\/www.xcompany.ch\/home\/wp-json\/wp\/v2\/pages\/365\/revisions\/436"}],"up":[{"embeddable":true,"href":"https:\/\/www.xcompany.ch\/home\/wp-json\/wp\/v2\/pages\/249"}],"wp:attachment":[{"href":"https:\/\/www.xcompany.ch\/home\/wp-json\/wp\/v2\/media?parent=365"}],"curies":[{"name":"wp","href":"https:\/\/api.w.org\/{rel}","templated":true}]}}