{"id":362,"date":"2014-09-25T11:07:26","date_gmt":"2014-09-25T10:07:26","guid":{"rendered":"http:\/\/www.xcompany.ch\/home\/?page_id=362"},"modified":"2023-03-28T08:40:55","modified_gmt":"2023-03-28T07:40:55","slug":"epson-tm-c3500","status":"publish","type":"page","link":"https:\/\/www.xcompany.ch\/home\/produkte\/druckersysteme\/epson-tm-c3500\/","title":{"rendered":"Epson TM-C3500"},"content":{"rendered":"<p><strong>[print_link]<\/strong><\/p>\n<p><a href=\"https:\/\/www.xcompany.ch\/home\/wp-content\/uploads\/2014\/09\/colour-label-printer-c3500.jpg\"><img loading=\"lazy\" decoding=\"async\" class=\"alignnone size-full wp-image-374\" src=\"https:\/\/www.xcompany.ch\/home\/wp-content\/uploads\/2014\/09\/colour-label-printer-c3500.jpg\" alt=\"colour-label-printer-c3500\" width=\"287\" height=\"251\" srcset=\"https:\/\/www.xcompany.ch\/home\/wp-content\/uploads\/2014\/09\/colour-label-printer-c3500.jpg 287w, https:\/\/www.xcompany.ch\/home\/wp-content\/uploads\/2014\/09\/colour-label-printer-c3500-114x100.jpg 114w\" sizes=\"(max-width: 287px) 100vw, 287px\" \/><\/a><\/p>\n<h1><span class=\"auto-style1\">Epson TM-C3500 Series<\/span><\/h1>\n<div id=\"description\" class=\"ui-tabs-panel ui-widget-content ui-corner-bottom\">\n<h2 class=\"auto-style1\">Etikettenfarbdrucker<\/h2>\n<p class=\"auto-style1\">Der Etikettenfarbdrucker druckt mit hoher Geschwindigkeit hochwertige Ergebnisse auf einer Vielzahl an Etiketten zu niedrigen Kosten.<\/p>\n<p class=\"auto-style1\">Mit dem Epson TM-C3500 erstellen Sie Etiketten, Preisschilder und Tickets in hochwertigem Farbdruck flexibel nach Bedarf. Ihr Unternehmen profitiert von separaten Patronen mit Pigmenttinte und Druckgeschwindigkeiten von bis zu 103 mm\/s. Gleichzeitig wird eine au\u00dferordentlich hohe Qualit\u00e4t gew\u00e4hrleistet. Durch den bedarfsgerechten, hausinternen Druck von Etiketten sparen Sie Zeit und Geld.<\/p>\n<div class=\"t9-content-block c3500-block\">\n<div class=\"t9-content c3500-content\">\n<h3 class=\"auto-style1\">DRUCKEN SIE IHRE EIGENEN ETIKETTEN<\/h3>\n<p class=\"auto-style1\">Mit dem Epson TM-C3500 k\u00f6nnen Sie eigene Farbetiketten auf einfache Weise anpassen und drucken. Ob es sich um Verpackungsetiketten mit farbigen Logos und Bildern oder um Besucherausweise\/Namensschilder und Tickets mit wichtigen Barcodes und Produktinformationen handelt \u2013 bei diesem Drucker k\u00f6nnen Sie alles mit einem Ger\u00e4t drucken.<\/p>\n<\/div>\n<div class=\"t9-img c3500-img\"><\/div>\n<div class=\"t9-img c3500-img\"><\/div>\n<\/div>\n<p><!-- High quality and durable --><\/p>\n<div class=\"t9-content-block c3500-block c3500-block_flip\">\n<div class=\"t9-content c3500-content\">\n<h3 class=\"auto-style1\">HALTBARE ETIKETTEN<\/h3>\n<p class=\"auto-style1\">Die DURABrite Ultra-Pigmenttinten-Patronen sorgen f\u00fcr schnell trocknende, detailgenaue Etiketten, die wisch- und wasserfest sowie lichtbest\u00e4ndig sind. Ihre Etiketten sehen nicht nur gut aus, dank der langlebigen Pigmenttinte eignen sie sich auch f\u00fcr eine Vielzahl an Umgebungen. Dieser Farbetikettendrucker ist ein echter Allrounder. Er entspricht auch den internationalen GHS-Richtlinien zur Kennzeichnung von Chemikalien \u2013 die Kombination aus Pigmenttinte und PE Matte Label-Medien eignet sich ideal f\u00fcr den Einsatz unter widrigen Bedingungen und sorgt f\u00fcr exakte, wischfeste Drucke, die unempfindlich gegen Wasser und die meisten Chemikalien sind.<\/p>\n<\/div>\n<div class=\"t9-img c3500-img\"><br class=\"auto-style1\" \/><br class=\"auto-style1\" \/><br class=\"auto-style1\" \/><\/p>\n<div class=\"t9-content-block c3500-block\">\n<div class=\"t9-content c3500-content\">\n<h3 class=\"icon-easy\"><span class=\"auto-style1\">BENUTZERFREUNDLICHER 4-FARBETIKETTEN-<\/span><br class=\"auto-style1\" \/><span class=\"auto-style1\">DRUCKER<\/span><\/h3>\n<p class=\"auto-style1\">Sie k\u00f6nnen auf einer Vielzahl an Materialien drucken, darunter mattes oder gl\u00e4nzendes Papier und Folienetiketten. Sie k\u00f6nnen also genau die Art von Etiketten erstellen, die Sie ben\u00f6tigen. Das LC-Display zeigt Informationen zum Tintenf\u00fcllstand und zum Druckerstatus an und die Bedienung erfolgt an der Vorderseite. Dank der einfachen Einrichtungssoftware k\u00f6nnen Sie den Drucker auch ohne Schulung bedienen.<\/p>\n<\/div>\n<div class=\"t9-img c3500-img\"><\/div>\n<div class=\"t9-img c3500-img\"><\/div>\n<\/div>\n<p><!-- Saving you money --><\/p>\n<div class=\"t9-content-block c3500-block c3500-block_flip\">\n<div class=\"t9-content c3500-content\">\n<h3 class=\"auto-style1\">SPAREN SIE GELD<\/h3>\n<p class=\"auto-style1\">Dank der modernen Tintenstrahltechnologie von Epson und der niedrigen Kosten pro Etikett lassen sich mit diesem Drucker hervorragend Druckkosten sparen. Die separaten Einzelpatronen sorgen daf\u00fcr, dass die Tinte effizient benutzt wird, denn Sie ersetzen nur die verbrauchte Farbe.<\/p>\n<\/div>\n<div class=\"t9-img c3500-img\"><\/div>\n<div class=\"t9-img c3500-img\"><\/div>\n<\/div>\n<\/div>\n<\/div>\n<\/div>\n<h1>Epson TM-C3500<\/h1>\n<div class=\"flex_column av_two_third   avia-builder-el-4  el_after_av_one_third  avia-builder-el-last  \">\n<div class=\"av-special-heading av-special-heading-h1  blockquote modern-quote  avia-builder-el-5  avia-builder-el-first \" style=\"padding-bottom: 10px;\"><span class=\"auto-style1\">Allgemein:<\/span><\/div>\n<section class=\"av_textblock_section\">\n<div>\n<table class=\"auto-style2\">\n<tbody id=\"j_id121_j_id_9h:tbody_element\">\n<tr class=\"specification_odd\">\n<td class=\"name_even\">Abmessungen (Breite x Tiefe x H\u00f6he)<\/td>\n<td class=\"auto-style1\">31 cm x 28.3 cm x 26.1 cm<\/td>\n<\/tr>\n<tr class=\"specification_even\">\n<td class=\"name_odd slvzr-focus\">Druckertyp<\/td>\n<td class=\"auto-style1\">Etikettendrucker &#8211; Tintenstrahl &#8211; Farbe<\/td>\n<\/tr>\n<tr class=\"specification_odd\">\n<td class=\"name_even\">Druckgeschwindigkeit<\/td>\n<td class=\"auto-style1\">Bis zu 103 mm\/Sek<\/td>\n<\/tr>\n<tr class=\"specification_even\">\n<td class=\"name_odd\">Funktionen<\/td>\n<td class=\"auto-style1\">Black Mark-Sensor<\/td>\n<\/tr>\n<tr class=\"specification_odd\">\n<td class=\"name_even\">Gewicht<\/td>\n<td class=\"auto-style1\">12 kg<\/td>\n<\/tr>\n<tr class=\"specification_even\">\n<td class=\"name_odd\">Max. Aufl\u00f6sung (S\/W)<\/td>\n<td class=\"auto-style1\">720 x 360 dpi<\/td>\n<\/tr>\n<tr class=\"specification_odd\">\n<td class=\"name_even\">Max. Mediengr\u00f6sse (Standard)<\/td>\n<td class=\"auto-style1\">112 mm (Breite)<\/td>\n<\/tr>\n<tr class=\"specification_even\">\n<td class=\"name_odd\">Max. Mediengr\u00f6sse (angepasst)<\/td>\n<td class=\"auto-style1\">112 mm<\/td>\n<\/tr>\n<tr class=\"specification_odd\">\n<td class=\"name_even\">Max. Mediengr\u00f6\u00dfe<\/td>\n<td class=\"auto-style1\">Endlospapier 30 mm &#8211; 112 mm (Breite)<\/td>\n<\/tr>\n<tr class=\"specification_even\">\n<td class=\"name_odd\">Medientyp<\/td>\n<td class=\"auto-style1\">Etiketten, Endlos-Papieretiketten, gestanzte Etiketten<\/td>\n<\/tr>\n<tr class=\"specification_odd\">\n<td class=\"name_even\">Minimale Mediengr\u00f6\u00dfe (Angepasst)<\/td>\n<td class=\"auto-style1\">30 mm<\/td>\n<\/tr>\n<tr class=\"specification_even\">\n<td class=\"name_odd\">Netzwerk<\/td>\n<td class=\"auto-style1\">Druckserver<\/td>\n<\/tr>\n<tr class=\"specification_odd\">\n<td class=\"name_even\">Produktbeschreibung<\/td>\n<td class=\"auto-style1\">Epson TM C3500 &#8211; Etikettendrucker &#8211; Farbe &#8211; Tintenstrahl<\/td>\n<\/tr>\n<tr class=\"specification_even\">\n<td class=\"name_odd\">Schnittstelle<\/td>\n<td class=\"auto-style1\">LAN, USB-Host<\/td>\n<\/tr>\n<tr class=\"specification_odd\">\n<td class=\"name_even\">Stromversorgung<\/td>\n<td class=\"auto-style1\">Wechselstrom 120\/230 V<\/td>\n<\/tr>\n<tr class=\"specification_even\">\n<td class=\"name_odd\">Tintenstrahl-Technologie<\/td>\n<td class=\"auto-style1\">Epson Micro Piezo<\/td>\n<\/tr>\n<tr class=\"specification_odd\">\n<td class=\"name_even\">Unterst\u00fctzte Tintenpalette (Farben)<\/td>\n<td class=\"auto-style1\">4 Farben &#8211; Cyan, Magenta, Gelb, Schwarz<\/td>\n<\/tr>\n<\/tbody>\n<\/table>\n<\/div>\n<div class=\"avia_textblock \"><\/div>\n<div class=\"avia_textblock \"><\/div>\n<div class=\"avia_textblock \"><\/div>\n<\/section>\n<\/div>\n","protected":false},"excerpt":{"rendered":"<p>[print_link] Epson TM-C3500 Series Etikettenfarbdrucker Der Etikettenfarbdrucker druckt mit hoher Geschwindigkeit hochwertige Ergebnisse auf einer Vielzahl an Etiketten zu niedrigen Kosten. Mit dem Epson TM-C3500&hellip;<\/p>\n","protected":false},"author":1,"featured_media":0,"parent":802,"menu_order":0,"comment_status":"closed","ping_status":"closed","template":"","meta":{"footnotes":""},"_links":{"self":[{"href":"https:\/\/www.xcompany.ch\/home\/wp-json\/wp\/v2\/pages\/362"}],"collection":[{"href":"https:\/\/www.xcompany.ch\/home\/wp-json\/wp\/v2\/pages"}],"about":[{"href":"https:\/\/www.xcompany.ch\/home\/wp-json\/wp\/v2\/types\/page"}],"author":[{"embeddable":true,"href":"https:\/\/www.xcompany.ch\/home\/wp-json\/wp\/v2\/users\/1"}],"replies":[{"embeddable":true,"href":"https:\/\/www.xcompany.ch\/home\/wp-json\/wp\/v2\/comments?post=362"}],"version-history":[{"count":16,"href":"https:\/\/www.xcompany.ch\/home\/wp-json\/wp\/v2\/pages\/362\/revisions"}],"predecessor-version":[{"id":3668,"href":"https:\/\/www.xcompany.ch\/home\/wp-json\/wp\/v2\/pages\/362\/revisions\/3668"}],"up":[{"embeddable":true,"href":"https:\/\/www.xcompany.ch\/home\/wp-json\/wp\/v2\/pages\/802"}],"wp:attachment":[{"href":"https:\/\/www.xcompany.ch\/home\/wp-json\/wp\/v2\/media?parent=362"}],"curies":[{"name":"wp","href":"https:\/\/api.w.org\/{rel}","templated":true}]}}