{"id":28,"date":"2014-04-04T10:58:57","date_gmt":"2014-04-04T09:58:57","guid":{"rendered":"http:\/\/xcompany.ch\/home\/?page_id=28"},"modified":"2017-09-05T21:37:17","modified_gmt":"2017-09-05T20:37:17","slug":"ueber-uns","status":"publish","type":"page","link":"https:\/\/www.xcompany.ch\/home\/unternehmen\/ueber-uns\/","title":{"rendered":"\u00dcber uns"},"content":{"rendered":"<p>Offen, ehrlich und transparent<\/p>\n<div>\n<p>In jeder Partnerschaft, ob gesch\u00e4ftlich oder privat, ist es wichtig, offen, ehrlich und transparent zu kommunizieren. Das ist f\u00fcr uns die Grundlage f\u00fcr gewinnbringende Gesch\u00e4ftsbeziehungen.<\/p>\n<hr \/>\n<p>Leitbild &#8211; smart technical solutions<\/p>\n<\/div>\n<p>Die Idee ist auch meine Philiosophie. Es muss nicht immer die teuerste Software oder Hardware die Beste sein. Ich setze mich ein die f\u00fcr den momentanen Bedarf genau richtige Software einzusetzen. Deshalb wird statt Microsoft Dynamics oder ein SAP ERP System auch mal etwas g\u00fcnstigeres f\u00fcr Sie speziell ausgesucht. Statt der Schnellste und neuste Hewelett Packard Computer oder Laserdrucker wird einfach ewas im mittleren Preissegment ausgesucht.<\/p>\n<hr \/>\n<p>Innovativ und einfach nur smart !!!<\/p>\n<p>Mehr gibt es nicht zu sagen.<\/p>\n<hr \/>\n<p>Motivation<\/p>\n<p>Darf es ein bisschen mehr sein. Wie lange haben wir diesen Satz vom Dorf-Metzger nicht mehr geh\u00f6rt. Meine Motivation ist L\u00f6sungen anzubieten. Auch wenn es wieder einmal mehr Zeitaufwand braucht. Die L\u00f6sung ist das Ziel und bis Sie zufrieden sind.<\/p>\n<hr \/>\n<p>&nbsp;<\/p>\n<div>\n<p>Spezialisten statt Allrounder oder Allrounder statt Spezialisten<\/p>\n<\/div>\n<p>Warum sollen Sie sich mit einem Allrounder begn\u00fcgen, wenn Sie auch den Allrounder Spezialisten haben k\u00f6nnen?<\/p>\n<p>Bei uns bekommen Sie keine integrierten All-in-One-L\u00f6sungen von der Stange, die alles k\u00f6nnen, aber nichts wirklich gut. Wir stimmen unsere L\u00f6sungen und Dienstleistungen auf Sie und Ihre Anspr\u00fcche ab. Jeder Kunde ist anders, deshalb beraten und betreuen wir Sie pers\u00f6nlich.<\/p>\n<hr \/>\n<p>Ich kann vieles, aber nicht alles<\/p>\n<p>Ich kommuniziere offen, ehrlich und transparent\u00a0was ich kann , aber auch was ich nicht kann. Weil ich nur das mache was ich richtig gut kann. Wenn etwas nicht meine St\u00e4rke ist dann suchen wir doch gemeinsam einen Spezialisten.\u00a0Mein Beziehungsnetzwerk\u00a0ist weitl\u00e4ufig.<\/p>\n<p>Letztlich geht es nur darum, dass Sie zufrieden sind.<\/p>\n","protected":false},"excerpt":{"rendered":"<p>Offen, ehrlich und transparent In jeder Partnerschaft, ob gesch\u00e4ftlich oder privat, ist es wichtig, offen, ehrlich und transparent zu kommunizieren. Das ist f\u00fcr uns die&hellip;<\/p>\n","protected":false},"author":1,"featured_media":0,"parent":835,"menu_order":0,"comment_status":"closed","ping_status":"closed","template":"","meta":{"footnotes":""},"_links":{"self":[{"href":"https:\/\/www.xcompany.ch\/home\/wp-json\/wp\/v2\/pages\/28"}],"collection":[{"href":"https:\/\/www.xcompany.ch\/home\/wp-json\/wp\/v2\/pages"}],"about":[{"href":"https:\/\/www.xcompany.ch\/home\/wp-json\/wp\/v2\/types\/page"}],"author":[{"embeddable":true,"href":"https:\/\/www.xcompany.ch\/home\/wp-json\/wp\/v2\/users\/1"}],"replies":[{"embeddable":true,"href":"https:\/\/www.xcompany.ch\/home\/wp-json\/wp\/v2\/comments?post=28"}],"version-history":[{"count":1,"href":"https:\/\/www.xcompany.ch\/home\/wp-json\/wp\/v2\/pages\/28\/revisions"}],"predecessor-version":[{"id":29,"href":"https:\/\/www.xcompany.ch\/home\/wp-json\/wp\/v2\/pages\/28\/revisions\/29"}],"up":[{"embeddable":true,"href":"https:\/\/www.xcompany.ch\/home\/wp-json\/wp\/v2\/pages\/835"}],"wp:attachment":[{"href":"https:\/\/www.xcompany.ch\/home\/wp-json\/wp\/v2\/media?parent=28"}],"curies":[{"name":"wp","href":"https:\/\/api.w.org\/{rel}","templated":true}]}}