{"id":186,"date":"2014-09-21T10:13:06","date_gmt":"2014-09-21T10:13:06","guid":{"rendered":"http:\/\/www.xcompany.ch\/home\/?page_id=186"},"modified":"2019-07-18T10:03:08","modified_gmt":"2019-07-18T09:03:08","slug":"produkte","status":"publish","type":"page","link":"https:\/\/www.xcompany.ch\/home\/produkte\/","title":{"rendered":"Produkte"},"content":{"rendered":"<p>&nbsp;<\/p>\n<h1>Digitale Tinten-Drucksysteme<\/h1>\n<p>Systeme f\u00fcr kosteng\u00fcnstigen Farbdruck auf Metallen und Kunststoff in<br \/>\ngarantierter Qualit\u00e4t und Best\u00e4ndigkeit auf zertifizierten Materialien. Das ist<br \/>\ndie Xcompany Farbdruck-Idee.<\/p>\n<p>Drucken Sie immer bedarfsgerecht, fast ohne Lagerhaltung, fast ohne<br \/>\nEinmalkosten, ab St\u00fcckzahl 1.<\/p>\n<p>Eine Auswahl typischer Anwendungsbereiche zeigt die fast unbegrenzten<br \/>\nM\u00f6glichkeiten des Xcompany Farbdruck-Systems. Bedrucken Sie aus jedem<br \/>\nWindows-Programm:<\/p>\n<ul>\n<li>Frontplatten<\/li>\n<li>Tastatur- oder Dekorfolien<\/li>\n<li>Geh\u00e4use bis 140mm H\u00f6he<\/li>\n<li>Typschilder zum Aufnieten oder zum Kleben<\/li>\n<li>Blockbilder, Ablaufdiagramme<\/li>\n<li>Warn- und Verbotsschilder<\/li>\n<li>Pfeilschilder<\/li>\n<li>T\u00fcrschilder<\/li>\n<li>Einlegeschilder f\u00fcr Schalter<\/li>\n<li>Service-Anleitungen mit Fotos und Text<\/li>\n<li>Skalen<\/li>\n<li>Schl\u00fcsselanh\u00e4nger<\/li>\n<li>Kabelbeschriftung<\/li>\n<li>Fotos<\/li>\n<li>Werbemittelu.v.a.m.<\/li>\n<\/ul>\n<h2>Ablauf<\/h2>\n<p>Entwerfen Sie das Druckbild in jedem beliebigen Windows-Programm. Z.B im<br \/>\nmitgelieferten Front-Designer oder dem mitgelieferten<br \/>\nZweckform-Avery-DesignPro5.<\/p>\n<p>Anschlie\u00dfend bedrucken Sie ab sofort farbig Metalle und Kunststoffe in nur 3<br \/>\neinfachen Schritten:<\/p>\n<ul>\n<li>Auftragen der Vorbehandlungsfl\u00fcssigkeit mit einem Lappen oder mit einem<br \/>\nAirbrushsystem<\/li>\n<li>Einlegen der Teile direkt oder in Nutzen-Schablonen und Start des<br \/>\nDruckvorgangs aus jedem beliebigen Windows-Programm<\/li>\n<li>Trocknen innerhalb weniger Minuten<\/li>\n<\/ul>\n<h2>Systemkomponenten<\/h2>\n<p>Das zum Patent angemeldete Xcompany Farbdruck-System setzt sich aus diesen<br \/>\nperfekt aufeinander abgestimmten Bausteinen zusammen:<\/p>\n<ul>\n<li>Materialien, auch vorbehandelt (Metalle, Kunststoffe, Folien)<\/li>\n<li>Vorbehandlungsfl\u00fcssigkeit (entf\u00e4llt bei Verwendung von vorbehandeltem<br \/>\nMaterial)<\/li>\n<li>Tinten (wasserbasierend, thermoh\u00e4rtend)<\/li>\n<li>Drucksystem (3 Druckertypen bis Teilegr\u00f6\u00dfe 300x500x140mm verf\u00fcgbar)<\/li>\n<li>Trocknungseinheit (Brenn\u00f6fen, Infrarot-Bandtrockner)<\/li>\n<\/ul>\n<h2>Materialien<\/h2>\n<p>Xcompany Farbdruck liefert Ihnen eine Vielzahl vorkonfektionierter<br \/>\nSchilder aus zertifiziertem Material auf Nutzenb\u00f6gen, die Sie nur noch in eine<br \/>\npassende Schablone des Druckers einlegen m\u00fcssen.<\/p>\n<p>Oder Sie verwenden z.B. bereits mechanisch von Ihnen bearbeitetes und<br \/>\nvorbehandeltes Material, das Sie einfach gegen Anschlag legen und farbig<br \/>\nbedrucken. Justage: nicht erforderlich.<\/p>\n<p>Das Xcompany Farbdruck-System ist f\u00fcr verschiedenste Werkstoffe geeignet.<br \/>\nF\u00fcr alle Werkstoffe wird die gleiche Tinte verwendet.<\/p>\n<ul>\n<li>Aluminium<\/li>\n<li>Edelstahl<\/li>\n<li>Dibond<\/li>\n<li>Polyester-Klebefolie<\/li>\n<li>Resopal<\/li>\n<li>pulverbeschichtetes Material<\/li>\n<li>Front- und Dekorfolieu.v.a.m<\/li>\n<\/ul>\n<h2>Qualit\u00e4t<\/h2>\n<ul>\n<li>Exzellente Druckqualit\u00e4t, von filigranen Skalen bis zu gestochen<br \/>\nscharfen Fotos<\/li>\n<li>eigenes Farbprofil einstellbar z.B. f\u00fcr RAL- oder Pantone-Farben<\/li>\n<li>hohe chemische Resistenz, z.B. gegen Aceton, l\u00f6semittelbest\u00e4ndig nach<br \/>\nDIN 16524<\/li>\n<li>gute UV-Best\u00e4ndigkeit<\/li>\n<li>sehr gute Kratz-Best\u00e4ndigkeit<\/li>\n<li>Druck sehr gut haftend<\/li>\n<\/ul>\n<h2>Schulung + Service<\/h2>\n<ul>\n<li>Systemschulungen<\/li>\n<li>Telefonische Beratung<\/li>\n<li>Service-Hotline<\/li>\n<li>Wartungsvertr\u00e4ge<\/li>\n<li>Ersatzteilservice<\/li>\n<\/ul>\n<p>&nbsp;<\/p>\n<h2>Weitere Informationen gesucht?<\/h2>\n<ul>\n<li>werfen Sie einen Blick die INFO-Bibliothek mit<br \/>\nPDF-Prospekten<\/li>\n<li>rufen Sie an unter 044 950 35 10<\/li>\n<li>senden Sie eine e-Mail an<br \/>\n<a style=\"color: #ff7542;\" href=\"mailto:info@xcompany.ch\"><br \/>\ninf@xcompany.ch<\/a><\/li>\n<\/ul>\n<p>&nbsp;<\/p>\n<p>&nbsp;<\/p>\n<p>&nbsp;<\/p>\n<p>&nbsp;<\/p>\n","protected":false},"excerpt":{"rendered":"<p>&nbsp; Digitale Tinten-Drucksysteme Systeme f\u00fcr kosteng\u00fcnstigen Farbdruck auf Metallen und Kunststoff in garantierter Qualit\u00e4t und Best\u00e4ndigkeit auf zertifizierten Materialien. Das ist die Xcompany Farbdruck-Idee. Drucken&hellip;<\/p>\n","protected":false},"author":1,"featured_media":336,"parent":0,"menu_order":0,"comment_status":"closed","ping_status":"closed","template":"","meta":{"footnotes":""},"_links":{"self":[{"href":"https:\/\/www.xcompany.ch\/home\/wp-json\/wp\/v2\/pages\/186"}],"collection":[{"href":"https:\/\/www.xcompany.ch\/home\/wp-json\/wp\/v2\/pages"}],"about":[{"href":"https:\/\/www.xcompany.ch\/home\/wp-json\/wp\/v2\/types\/page"}],"author":[{"embeddable":true,"href":"https:\/\/www.xcompany.ch\/home\/wp-json\/wp\/v2\/users\/1"}],"replies":[{"embeddable":true,"href":"https:\/\/www.xcompany.ch\/home\/wp-json\/wp\/v2\/comments?post=186"}],"version-history":[{"count":3,"href":"https:\/\/www.xcompany.ch\/home\/wp-json\/wp\/v2\/pages\/186\/revisions"}],"predecessor-version":[{"id":1044,"href":"https:\/\/www.xcompany.ch\/home\/wp-json\/wp\/v2\/pages\/186\/revisions\/1044"}],"wp:featuredmedia":[{"embeddable":true,"href":"https:\/\/www.xcompany.ch\/home\/wp-json\/wp\/v2\/media\/336"}],"wp:attachment":[{"href":"https:\/\/www.xcompany.ch\/home\/wp-json\/wp\/v2\/media?parent=186"}],"curies":[{"name":"wp","href":"https:\/\/api.w.org\/{rel}","templated":true}]}}